{"id":33332,"date":"2025-03-31T10:16:23","date_gmt":"2025-03-31T10:16:23","guid":{"rendered":"https:\/\/www.adra.sk\/?page_id=33332"},"modified":"2025-05-26T10:19:33","modified_gmt":"2025-05-26T10:19:33","slug":"informacie-2025","status":"publish","type":"page","link":"https:\/\/www.adra.sk\/en\/ako-pomahame\/preteky-2025-2\/informacie-2025\/","title":{"rendered":"Inform\u00e1cie 2025"},"content":{"rendered":"<div data-elementor-type=\"wp-page\" data-elementor-id=\"33332\" class=\"elementor elementor-33332\" data-elementor-post-type=\"page\">\n\t\t\t\t\t\t<section class=\"elementor-section elementor-top-section elementor-element elementor-element-3a448ee elementor-section-full_width elementor-section-height-min-height elementor-section-content-top elementor-section-height-default elementor-section-items-middle\" data-id=\"3a448ee\" data-element_type=\"section\" data-e-type=\"section\" data-settings=\"{&quot;background_background&quot;:&quot;classic&quot;}\">\n\t\t\t\t\t\t<div class=\"elementor-container elementor-column-gap-no\">\n\t\t\t\t\t<div class=\"elementor-column elementor-col-100 elementor-top-column elementor-element elementor-element-235d801\" data-id=\"235d801\" data-element_type=\"column\" data-e-type=\"column\">\n\t\t\t<div class=\"elementor-widget-wrap elementor-element-populated\">\n\t\t\t\t\t\t<div class=\"elementor-element elementor-element-709ba15 elementor-widget__width-auto elementor-widget elementor-widget-heading\" data-id=\"709ba15\" data-element_type=\"widget\" data-e-type=\"widget\" data-widget_type=\"heading.default\">\n\t\t\t\t<div class=\"elementor-widget-container\">\n\t\t\t\t\t<h3 class=\"elementor-heading-title elementor-size-default\">INFORMATION<\/h3>\t\t\t\t<\/div>\n\t\t\t\t<\/div>\n\t\t\t\t\t<\/div>\n\t\t<\/div>\n\t\t\t\t\t<\/div>\n\t\t<\/section>\n\t\t\t\t<section class=\"elementor-section elementor-top-section elementor-element elementor-element-638a89e elementor-section-full_width elementor-section-height-default elementor-section-height-default\" data-id=\"638a89e\" data-element_type=\"section\" data-e-type=\"section\">\n\t\t\t\t\t\t<div class=\"elementor-container elementor-column-gap-default\">\n\t\t\t\t\t<div class=\"elementor-column elementor-col-33 elementor-top-column elementor-element elementor-element-42325b1\" data-id=\"42325b1\" data-element_type=\"column\" data-e-type=\"column\">\n\t\t\t<div class=\"elementor-widget-wrap elementor-element-populated\">\n\t\t\t\t\t\t<div class=\"elementor-element elementor-element-9951ae0 elementor-widget elementor-widget-button\" data-id=\"9951ae0\" data-element_type=\"widget\" data-e-type=\"widget\" data-widget_type=\"button.default\">\n\t\t\t\t<div class=\"elementor-widget-container\">\n\t\t\t\t\t\t\t\t\t<div class=\"elementor-button-wrapper\">\n\t\t\t\t\t<a class=\"elementor-button elementor-button-link elementor-size-sm\" href=\"https:\/\/www.adra.sk\/en\/ako-pomahame\/preteky-2025-2\/\">\n\t\t\t\t\t\t<span class=\"elementor-button-content-wrapper\">\n\t\t\t\t\t\t\t\t\t<span class=\"elementor-button-text\">Back to home page<\/span>\n\t\t\t\t\t<\/span>\n\t\t\t\t\t<\/a>\n\t\t\t\t<\/div>\n\t\t\t\t\t\t\t\t<\/div>\n\t\t\t\t<\/div>\n\t\t\t\t\t<\/div>\n\t\t<\/div>\n\t\t\t\t<div class=\"elementor-column elementor-col-33 elementor-top-column elementor-element elementor-element-e6b6d0b\" data-id=\"e6b6d0b\" data-element_type=\"column\" data-e-type=\"column\">\n\t\t\t<div class=\"elementor-widget-wrap elementor-element-populated\">\n\t\t\t\t\t\t<div class=\"elementor-element elementor-element-16f44c5 elementor-widget elementor-widget-spacer\" data-id=\"16f44c5\" data-element_type=\"widget\" data-e-type=\"widget\" data-widget_type=\"spacer.default\">\n\t\t\t\t<div class=\"elementor-widget-container\">\n\t\t\t\t\t\t\t<div class=\"elementor-spacer\">\n\t\t\t<div class=\"elementor-spacer-inner\"><\/div>\n\t\t<\/div>\n\t\t\t\t\t\t<\/div>\n\t\t\t\t<\/div>\n\t\t\t\t<div class=\"elementor-element elementor-element-955d094 elementor-widget elementor-widget-text-editor\" data-id=\"955d094\" data-element_type=\"widget\" data-e-type=\"widget\" data-widget_type=\"text-editor.default\">\n\t\t\t\t<div class=\"elementor-widget-container\">\n\t\t\t\t\t\t\t\t\t<p style=\"text-align: left;\"><strong>Registration:<\/strong><\/p><ul><li style=\"text-align: left;\"><strong>All MRC categories <\/strong>- online registration <strong><a href=\"https:\/\/www.cyklistikaszc.sk\/\">SZC form.<\/a><\/strong> Deadline for applications 19.6.2025 at 15.00.<\/li><li style=\"text-align: left;\"><strong>All categories Hobby for public <\/strong>via the registration<a href=\"https:\/\/forms.gle\/YRdoPkoLfQTauyhL8\"><strong> form on adra.sk,<\/strong><\/a> or at the race office on the day of the race.<\/li><\/ul><p style=\"text-align: left;\"><strong>Organiser:<\/strong> CPV Commission of the Slovak Cycling Union\u00a0\u00a0\u00a0\u00a0\u00a0\u00a0\u00a0\u00a0\u00a0\u00a0\u00a0 \u00a0\u00a0\u00a0\u00a0\u00a0\u00a0\u00a0\u00a0\u00a0\u00a0\u00a0\u00a0\u00a0\u00a0\u00a0\u00a0<\/p><p style=\"text-align: left;\"><strong>Organiser: <\/strong>CK Olympik, ADRA - international humanitarian organization.<br \/>The event will take place under the auspices of the Trnava Self-Governing Region and the municipality of Voderady<\/p><p style=\"text-align: left;\"><strong>Race Director: <\/strong>Leo\u0161 \u0160imunek\u00a0<\/p><p style=\"text-align: left;\"><strong>Head Judge: <\/strong>Karol Mlyn\u00e1r\u00a0<\/p><p style=\"text-align: left;\"><strong>Healthcare:<\/strong> Medevac Rescue Service, race doctor MUDr. Andrej Hojer<\/p><p style=\"text-align: left;\"><strong>Race office: 22.6.2025 from 7.30 a.m. to 8.30 a.m. <\/strong>at the starting point.<\/p><p style=\"text-align: left;\">Cash payment will be available at the race office during opening hours.<\/p><p style=\"text-align: left;\"><strong>Complete Propositions for download <a href=\"https:\/\/www.adra.sk\/wp-content\/uploads\/2025\/05\/14.5.-propozicie.pdf\">TU:\u00a0<\/a><\/strong><\/p><p style=\"text-align: left;\"><strong>Competition categories: <\/strong><\/p><p style=\"text-align: left;\"><strong>1. Men Masters A, B, C, D, E, F, G, H, Women Masters A, B, C, Men B, Women Elite <br \/><\/strong> - Valid license for 2025 + year-long MRC 2025 starting number<strong><br \/>2. Juniors, Juniors, Cadets, Cadettes - <\/strong>valid SZC 2025 license + SP starting number<strong><br \/><\/strong><strong>3. Hobby -<\/strong> competitors without SZC licence<strong><br \/>4. Competition of children's categories:<\/strong> children MIX, 6 - 9yrs. and 10 - 14 yrs. <br \/><strong>5.<\/strong> <strong>Children's competition with bicycles and scooters:<\/strong> up to 10 years.<\/p><p style=\"text-align: left;\"><strong>Race course: <\/strong>Asphalt road on the ring road in the industrial park Voderady, in the shape of a rectangle with a total length of 2400m.<\/p><p style=\"text-align: left;\">The roads on the designated race circuit in the Voderady Industrial Park have a high quality asphalt surface. The race track will be closed for the movement of motor vehicles. The circuit for the criterium is in the shape of a quadrilateral and will be laid out on a circular road around the industrial area with a total length of 2400 m. The curves will be marked with cones. The route of the circuit has two sharp 90<sup>o <\/sup>turns and two smooth turns up to 90<sup>o<\/sup>. The straight section of the finishing straight is 850m long, where 2\/3 of the start\/finish tape will be placed in the same place and the judges' stand. The straight section of the finishing straight will be marked out for cyclists only in the first double lane. The second half will remain free for the movement of people, podium with podium, ambulance, firefighters' emergency vehicle, portable toilet. Competitors from a given category will complete the route in one direction (right-hand circuit) from the starting point to the finishing point in the number of circuits according to the age category defined by the regulations. The track is absolute flat, the track surface is smooth asphalt.<\/p>\t\t\t\t\t\t\t\t<\/div>\n\t\t\t\t<\/div>\n\t\t\t\t<div class=\"elementor-element elementor-element-d3a455e elementor-widget elementor-widget-image\" data-id=\"d3a455e\" data-element_type=\"widget\" data-e-type=\"widget\" data-widget_type=\"image.default\">\n\t\t\t\t<div class=\"elementor-widget-container\">\n\t\t\t\t\t\t\t\t\t\t\t\t\t\t\t<img fetchpriority=\"high\" decoding=\"async\" width=\"757\" height=\"413\" src=\"https:\/\/www.adra.sk\/wp-content\/uploads\/2025\/05\/mapa-4.png\" class=\"attachment-large size-large wp-image-33703\" alt=\"\" srcset=\"https:\/\/www.adra.sk\/wp-content\/uploads\/2025\/05\/mapa-4.png 757w, https:\/\/www.adra.sk\/wp-content\/uploads\/2025\/05\/mapa-4-300x164.png 300w, https:\/\/www.adra.sk\/wp-content\/uploads\/2025\/05\/mapa-4-18x10.png 18w\" sizes=\"(max-width: 757px) 100vw, 757px\" \/>\t\t\t\t\t\t\t\t\t\t\t\t\t\t\t<\/div>\n\t\t\t\t<\/div>\n\t\t\t\t<div class=\"elementor-element elementor-element-0f2ab28 elementor-widget elementor-widget-text-editor\" data-id=\"0f2ab28\" data-element_type=\"widget\" data-e-type=\"widget\" data-widget_type=\"text-editor.default\">\n\t\t\t\t<div class=\"elementor-widget-container\">\n\t\t\t\t\t\t\t\t\t<p style=\"text-align: left;\"><strong>Other conditions of participation:<\/strong> good health, paid entry fee, presentation before the closing of the race office and signed attendance sheet before the start. Unsigned competitors will not be counted in the results list.<\/p><p style=\"text-align: left;\">Competitors scoring for the MRC : valid SZC or other national federation UCI license, yearly MRC start number according to SZC CPV rules.<\/p><p style=\"text-align: left;\"><strong>Evaluation:<\/strong><\/p><p style=\"text-align: left;\">The announcement of the results will be at the start and finish according to the SZC-CPV rules. The first three competitors in each category will receive a medal and a material prize<\/p><p style=\"text-align: left;\"><strong>Children's categories<\/strong> the embedded races will be evaluated immediately after the end of the race.<\/p><p style=\"text-align: left;\">Categories Mast. F, G, H, Women Mast C, Hobby categories will be evaluated after finishing the Hobby categories.<\/p><p style=\"text-align: left;\"><strong>Other categories<\/strong> will be evaluated after all afternoon starts.<\/p><p style=\"text-align: left;\"><strong>Official results<\/strong> will be published on the website <a href=\"http:\/\/www.cyklistikaszc.sk\"><strong>www.cyklistikaszc.sk<\/strong><\/a><\/p><p style=\"text-align: left;\"><strong>Race Regulations: <\/strong>The race is run according to UCI rules, SZC rules and this schedule. In case of violation of the rules, penalties will be applied according to the SZC rules.\u00a0<strong><br \/><\/strong><\/p><p style=\"text-align: left;\"><strong>Specific race regulations:\u00a0 <\/strong>After the start of the first category of competitors, it is not allowed to practice or drive on the circuit track.<strong> <br \/>Notice<\/strong>: unauthorized riding on the track will be grounds for exclusion from the race and will be punished according to SZC rules.<\/p><p style=\"text-align: left;\"><strong>Each competitor is obliged to sign the signing list at least 15 min. before the start.<\/strong><\/p><p style=\"text-align: left;\">The competitors will stand at the start only when called by the referee. Only competitors may enter the starting area, their escorts may move only in front of the starting tape, behind the barriers or behind the last competitor at the start.<\/p><p style=\"text-align: left;\">A competitor caught by the front of the race by a full lap will be withdrawn from the race regardless of the number of laps remaining in the race. He will be published in the results in the order he is ranked based on the length of the course or number of laps completed.<\/p><p style=\"text-align: left;\">In case of technical failure (puncture) and repair (wheel replacement) in the designated mechanical depot, the competitor is entitled to a neutral wheel.<\/p><p style=\"text-align: left;\">Selected categories will ride smoothly for safety reasons (preventing cyclists from crashing during dynamic riding and inattentiveness appropriate to the age of these riders, based on experience from previous years).<\/p><p style=\"text-align: left;\"><strong>Other: <\/strong>Competitors start <span style=\"color: #ff0000;\">at the sending club's own risk and expense.<\/span> The organizer is not liable for damages caused by competitors and reserves the right to change the schedule or cancel the race in case of unexpected events. Photographs and audiovisual recordings may\/will be taken of the event and may\/will be published on the SZC\/Club website, SZC\/Club FB page, ADRA website and FB. By your registration you consent to the publication of materials for these purposes.<\/p><p style=\"text-align: left;\"><strong>*Note.<\/strong> <em>Race also for <strong>children up to 6 years<\/strong> on bicycles with auxiliary wheels, bouncers and scooters<\/em><\/p><p style=\"text-align: left;\"><strong>*Note. <\/strong><em>Competitors of individual companies in\u00a0<strong>\u201einter-company race\u201c<\/strong> will be divided according to age categories marked with a special colour number<\/em>.<\/p>\t\t\t\t\t\t\t\t<\/div>\n\t\t\t\t<\/div>\n\t\t\t\t<section class=\"elementor-section elementor-inner-section elementor-element elementor-element-aaac824 elementor-section-boxed elementor-section-height-default elementor-section-height-default\" data-id=\"aaac824\" data-element_type=\"section\" data-e-type=\"section\">\n\t\t\t\t\t\t<div class=\"elementor-container elementor-column-gap-default\">\n\t\t\t\t\t<div class=\"elementor-column elementor-col-100 elementor-inner-column elementor-element elementor-element-7bdbd89\" data-id=\"7bdbd89\" data-element_type=\"column\" data-e-type=\"column\">\n\t\t\t<div class=\"elementor-widget-wrap elementor-element-populated\">\n\t\t\t\t\t\t<div class=\"elementor-element elementor-element-b4fe188 elementor-widget elementor-widget-spacer\" data-id=\"b4fe188\" data-element_type=\"widget\" data-e-type=\"widget\" data-widget_type=\"spacer.default\">\n\t\t\t\t<div class=\"elementor-widget-container\">\n\t\t\t\t\t\t\t<div class=\"elementor-spacer\">\n\t\t\t<div class=\"elementor-spacer-inner\"><\/div>\n\t\t<\/div>\n\t\t\t\t\t\t<\/div>\n\t\t\t\t<\/div>\n\t\t\t\t\t<\/div>\n\t\t<\/div>\n\t\t\t\t\t<\/div>\n\t\t<\/section>\n\t\t\t\t\t<\/div>\n\t\t<\/div>\n\t\t\t\t<div class=\"elementor-column elementor-col-33 elementor-top-column elementor-element elementor-element-8a5ea78\" data-id=\"8a5ea78\" data-element_type=\"column\" data-e-type=\"column\">\n\t\t\t<div class=\"elementor-widget-wrap\">\n\t\t\t\t\t\t\t<\/div>\n\t\t<\/div>\n\t\t\t\t\t<\/div>\n\t\t<\/section>\n\t\t\t\t<\/div>","protected":false},"excerpt":{"rendered":"<p>INFORM\u00c1CIE Sp\u00e4\u0165 na hlavn\u00fa str\u00e1nku Registr\u00e1cia: V\u0161etky kateg\u00f3rie MRC \u2013 registr\u00e1cia cez online formul\u00e1r SZC. Uz\u00e1vierka prihl\u00e1\u0161ok 19.6.2025 o 15.00 hod. V\u0161etky kateg\u00f3rie Hobby pre verejnos\u0165 cez registra\u010dn\u00fd formul\u00e1r na adra.sk, alebo v kancel\u00e1rii pretekov priamo v de\u0148 konania. Organiz\u00e1tor: Komisia CPV Slovensk\u00e9ho zv\u00e4zu cyklistiky\u00a0\u00a0\u00a0\u00a0\u00a0\u00a0\u00a0\u00a0\u00a0\u00a0\u00a0 \u00a0\u00a0\u00a0\u00a0\u00a0\u00a0\u00a0\u00a0\u00a0\u00a0\u00a0\u00a0\u00a0\u00a0\u00a0\u00a0 Usporiadate\u013e: CK Olympik, ADRA &#8211; medzin\u00e1rodn\u00e1 humanit\u00e1rna organiz\u00e1cia.Podujatie sa [&hellip;]<\/p>\n","protected":false},"author":11,"featured_media":0,"parent":33375,"menu_order":5,"comment_status":"closed","ping_status":"closed","template":"","meta":{"_acf_changed":false,"ngg_post_thumbnail":0,"footnotes":""},"class_list":["post-33332","page","type-page","status-publish","hentry"],"acf":[],"_links":{"self":[{"href":"https:\/\/www.adra.sk\/en\/wp-json\/wp\/v2\/pages\/33332","targetHints":{"allow":["GET"]}}],"collection":[{"href":"https:\/\/www.adra.sk\/en\/wp-json\/wp\/v2\/pages"}],"about":[{"href":"https:\/\/www.adra.sk\/en\/wp-json\/wp\/v2\/types\/page"}],"author":[{"embeddable":true,"href":"https:\/\/www.adra.sk\/en\/wp-json\/wp\/v2\/users\/11"}],"replies":[{"embeddable":true,"href":"https:\/\/www.adra.sk\/en\/wp-json\/wp\/v2\/comments?post=33332"}],"version-history":[{"count":68,"href":"https:\/\/www.adra.sk\/en\/wp-json\/wp\/v2\/pages\/33332\/revisions"}],"predecessor-version":[{"id":33900,"href":"https:\/\/www.adra.sk\/en\/wp-json\/wp\/v2\/pages\/33332\/revisions\/33900"}],"up":[{"embeddable":true,"href":"https:\/\/www.adra.sk\/en\/wp-json\/wp\/v2\/pages\/33375"}],"wp:attachment":[{"href":"https:\/\/www.adra.sk\/en\/wp-json\/wp\/v2\/media?parent=33332"}],"curies":[{"name":"wp","href":"https:\/\/api.w.org\/{rel}","templated":true}]}}