{"id":33375,"date":"2025-04-04T15:33:11","date_gmt":"2025-04-04T15:33:11","guid":{"rendered":"https:\/\/www.adra.sk\/?page_id=33375"},"modified":"2025-05-27T05:36:35","modified_gmt":"2025-05-27T05:36:35","slug":"preteky-2025-2","status":"publish","type":"page","link":"https:\/\/www.adra.sk\/en\/ako-pomahame\/preteky-2025-2\/","title":{"rendered":"Preteky 2025"},"content":{"rendered":"<div data-elementor-type=\"wp-page\" data-elementor-id=\"33375\" class=\"elementor elementor-33375\" data-elementor-post-type=\"page\">\n\t\t\t\t\t\t<section class=\"elementor-section elementor-top-section elementor-element elementor-element-273470fd elementor-section-full_width elementor-section-height-min-height elementor-section-content-middle elementor-section-height-default elementor-section-items-middle\" data-id=\"273470fd\" data-element_type=\"section\" data-e-type=\"section\" data-settings=\"{&quot;background_background&quot;:&quot;classic&quot;}\">\n\t\t\t\t\t\t<div class=\"elementor-container elementor-column-gap-default\">\n\t\t\t\t\t<div class=\"elementor-column elementor-col-33 elementor-top-column elementor-element elementor-element-1187b125\" data-id=\"1187b125\" data-element_type=\"column\" data-e-type=\"column\">\n\t\t\t<div class=\"elementor-widget-wrap\">\n\t\t\t\t\t\t\t<\/div>\n\t\t<\/div>\n\t\t\t\t<div class=\"elementor-column elementor-col-33 elementor-top-column elementor-element elementor-element-5039cb8\" data-id=\"5039cb8\" data-element_type=\"column\" data-e-type=\"column\">\n\t\t\t<div class=\"elementor-widget-wrap elementor-element-populated\">\n\t\t\t\t\t\t<div class=\"elementor-element elementor-element-2122c07 elementor-widget elementor-widget-heading\" data-id=\"2122c07\" data-element_type=\"widget\" data-e-type=\"widget\" authenia=\"true\" data-widget_type=\"heading.default\">\n\t\t\t\t<div class=\"elementor-widget-container\">\n\t\t\t\t\t<h1 class=\"elementor-heading-title elementor-size-default\">We ride for the warmth of home<\/h1>\t\t\t\t<\/div>\n\t\t\t\t<\/div>\n\t\t\t\t\t<\/div>\n\t\t<\/div>\n\t\t\t\t<div class=\"elementor-column elementor-col-33 elementor-top-column elementor-element elementor-element-f78313a\" data-id=\"f78313a\" data-element_type=\"column\" data-e-type=\"column\">\n\t\t\t<div class=\"elementor-widget-wrap\">\n\t\t\t\t\t\t\t<\/div>\n\t\t<\/div>\n\t\t\t\t\t<\/div>\n\t\t<\/section>\n\t\t\t\t<section class=\"elementor-section elementor-top-section elementor-element elementor-element-00b607a elementor-section-full_width elementor-section-height-min-height elementor-section-content-top elementor-section-height-default elementor-section-items-middle\" data-id=\"00b607a\" data-element_type=\"section\" data-e-type=\"section\" data-settings=\"{&quot;background_background&quot;:&quot;classic&quot;}\">\n\t\t\t\t\t\t<div class=\"elementor-container elementor-column-gap-no\">\n\t\t\t\t\t<div class=\"elementor-column elementor-col-100 elementor-top-column elementor-element elementor-element-0073066\" data-id=\"0073066\" data-element_type=\"column\" data-e-type=\"column\">\n\t\t\t<div class=\"elementor-widget-wrap elementor-element-populated\">\n\t\t\t\t\t\t<div class=\"elementor-element elementor-element-299f7d0 elementor-widget__width-auto elementor-widget elementor-widget-heading\" data-id=\"299f7d0\" data-element_type=\"widget\" data-e-type=\"widget\" data-widget_type=\"heading.default\">\n\t\t\t\t<div class=\"elementor-widget-container\">\n\t\t\t\t\t<h3 class=\"elementor-heading-title elementor-size-default\"> \nADRA CUP - Voderady 2025\n<\/h3>\t\t\t\t<\/div>\n\t\t\t\t<\/div>\n\t\t\t\t\t<\/div>\n\t\t<\/div>\n\t\t\t\t\t<\/div>\n\t\t<\/section>\n\t\t\t\t<section class=\"elementor-section elementor-top-section elementor-element elementor-element-cec2278 elementor-section-full_width elementor-section-height-default elementor-section-height-default\" data-id=\"cec2278\" data-element_type=\"section\" data-e-type=\"section\">\n\t\t\t\t\t\t<div class=\"elementor-container elementor-column-gap-default\">\n\t\t\t\t\t<div class=\"elementor-column elementor-col-33 elementor-top-column elementor-element elementor-element-7e145ca\" data-id=\"7e145ca\" data-element_type=\"column\" data-e-type=\"column\">\n\t\t\t<div class=\"elementor-widget-wrap elementor-element-populated\">\n\t\t\t\t\t\t<div class=\"elementor-element elementor-element-38bca8d elementor-widget elementor-widget-button\" data-id=\"38bca8d\" data-element_type=\"widget\" data-e-type=\"widget\" data-widget_type=\"button.default\">\n\t\t\t\t<div class=\"elementor-widget-container\">\n\t\t\t\t\t\t\t\t\t<div class=\"elementor-button-wrapper\">\n\t\t\t\t\t<a class=\"elementor-button elementor-button-link elementor-size-sm\" href=\"https:\/\/www.adra.sk\/en\/ako-pomahame\/preteky-2025-2\/informacie-2025\/\" target=\"_blank\">\n\t\t\t\t\t\t<span class=\"elementor-button-content-wrapper\">\n\t\t\t\t\t\t\t\t\t<span class=\"elementor-button-text\">INFORMATION<\/span>\n\t\t\t\t\t<\/span>\n\t\t\t\t\t<\/a>\n\t\t\t\t<\/div>\n\t\t\t\t\t\t\t\t<\/div>\n\t\t\t\t<\/div>\n\t\t\t\t<div class=\"elementor-element elementor-element-441ed2b elementor-widget elementor-widget-button\" data-id=\"441ed2b\" data-element_type=\"widget\" data-e-type=\"widget\" data-widget_type=\"button.default\">\n\t\t\t\t<div class=\"elementor-widget-container\">\n\t\t\t\t\t\t\t\t\t<div class=\"elementor-button-wrapper\">\n\t\t\t\t\t<a class=\"elementor-button elementor-button-link elementor-size-sm\" href=\"https:\/\/www.adra.sk\/en\/ako-pomahame\/preteky-2025-2\/registracia-2025\/\" target=\"_blank\">\n\t\t\t\t\t\t<span class=\"elementor-button-content-wrapper\">\n\t\t\t\t\t\t\t\t\t<span class=\"elementor-button-text\">REGISTER<\/span>\n\t\t\t\t\t<\/span>\n\t\t\t\t\t<\/a>\n\t\t\t\t<\/div>\n\t\t\t\t\t\t\t\t<\/div>\n\t\t\t\t<\/div>\n\t\t\t\t<div class=\"elementor-element elementor-element-53931c4 elementor-widget elementor-widget-button\" data-id=\"53931c4\" data-element_type=\"widget\" data-e-type=\"widget\" data-widget_type=\"button.default\">\n\t\t\t\t<div class=\"elementor-widget-container\">\n\t\t\t\t\t\t\t\t\t<div class=\"elementor-button-wrapper\">\n\t\t\t\t\t<a class=\"elementor-button elementor-button-link elementor-size-sm\" href=\"https:\/\/www.adra.sk\/en\/ako-pomahame\/preteky-2025-2\/program-2025\/\" target=\"_blank\">\n\t\t\t\t\t\t<span class=\"elementor-button-content-wrapper\">\n\t\t\t\t\t\t\t\t\t<span class=\"elementor-button-text\">PROGRAMME<\/span>\n\t\t\t\t\t<\/span>\n\t\t\t\t\t<\/a>\n\t\t\t\t<\/div>\n\t\t\t\t\t\t\t\t<\/div>\n\t\t\t\t<\/div>\n\t\t\t\t<div class=\"elementor-element elementor-element-ac58246 elementor-widget elementor-widget-button\" data-id=\"ac58246\" data-element_type=\"widget\" data-e-type=\"widget\" data-widget_type=\"button.default\">\n\t\t\t\t<div class=\"elementor-widget-container\">\n\t\t\t\t\t\t\t\t\t<div class=\"elementor-button-wrapper\">\n\t\t\t\t\t<a class=\"elementor-button elementor-button-link elementor-size-sm\" href=\"https:\/\/www.adra.sk\/en\/ako-pomahame\/preteky-2025-2\/beneficia-2025\/\" target=\"_blank\">\n\t\t\t\t\t\t<span class=\"elementor-button-content-wrapper\">\n\t\t\t\t\t\t\t\t\t<span class=\"elementor-button-text\">BENEFICE<\/span>\n\t\t\t\t\t<\/span>\n\t\t\t\t\t<\/a>\n\t\t\t\t<\/div>\n\t\t\t\t\t\t\t\t<\/div>\n\t\t\t\t<\/div>\n\t\t\t\t\t<\/div>\n\t\t<\/div>\n\t\t\t\t<div class=\"elementor-column elementor-col-33 elementor-top-column elementor-element elementor-element-fa72ed1\" data-id=\"fa72ed1\" data-element_type=\"column\" data-e-type=\"column\">\n\t\t\t<div class=\"elementor-widget-wrap elementor-element-populated\">\n\t\t\t\t\t\t<div class=\"elementor-element elementor-element-12104c6 elementor-widget elementor-widget-spacer\" data-id=\"12104c6\" data-element_type=\"widget\" data-e-type=\"widget\" data-widget_type=\"spacer.default\">\n\t\t\t\t<div class=\"elementor-widget-container\">\n\t\t\t\t\t\t\t<div class=\"elementor-spacer\">\n\t\t\t<div class=\"elementor-spacer-inner\"><\/div>\n\t\t<\/div>\n\t\t\t\t\t\t<\/div>\n\t\t\t\t<\/div>\n\t\t\t\t<div class=\"elementor-element elementor-element-7ff34db elementor-widget elementor-widget-text-editor\" data-id=\"7ff34db\" data-element_type=\"widget\" data-e-type=\"widget\" data-widget_type=\"text-editor.default\">\n\t\t\t\t<div class=\"elementor-widget-container\">\n\t\t\t\t\t\t\t\t\t<h4><span style=\"color: #008080;\"><strong>8th round of Slovak Masters Cup in Road Cycling <\/strong><\/span><\/h4><p><strong>Join us on a benefit ride to support<\/strong><\/p><p><strong>Children's Home Pe\u010de\u0148ady.<\/strong><\/p><p>A portion of the registration fee and sponsorship contributions will be donated to purchase new gas boilers so that the children will have heat again this winter.<\/p><p style=\"text-align: left;\"><strong>Organiser: <\/strong>CPV Commission of the Slovak Cycling Union\u00a0<\/p><p style=\"text-align: left;\"><strong>Organisers: <\/strong>CK Olympik, ADRA - international humanitarian organization.<br \/>The event will take place under the auspices of the Trnava Self-Governing Region and the municipality of Voderady<\/p><p style=\"text-align: left;\"><strong>WHEN: <\/strong>Sunday 22.6.2025, registration from 7:30 a.m.<\/p><p style=\"text-align: left;\"><strong>WHERE: <\/strong>Industrial park Voderady<\/p><p style=\"text-align: left;\">This year the race is in a new format, open to the general public in addition to professionals, combined with <a href=\"https:\/\/www.adra.sk\/en\/ako-pomahame\/preteky-2025-2\/beneficia-2025\/\">Benefits<\/a> and accompanying activities for children from orphanages and families.<\/p><p style=\"text-align: left;\">Proceeds from the entry fee, public collection and sponsorship donations will be donated to the Center for Children and Families <a href=\"https:\/\/www.adra.sk\/en\/ako-pomahame\/preteky-2025-2\/beneficia-2025\/\">\u201eResistance\u201c<\/a> Pe\u010de\u0148ady, for the purchase of new gas boilers.<span style=\"color: #000000;\"><b> <br \/><\/b><\/span><\/p>\t\t\t\t\t\t\t\t<\/div>\n\t\t\t\t<\/div>\n\t\t\t\t<div class=\"elementor-element elementor-element-7980bff elementor-widget elementor-widget-image\" data-id=\"7980bff\" data-element_type=\"widget\" data-e-type=\"widget\" data-widget_type=\"image.default\">\n\t\t\t\t<div class=\"elementor-widget-container\">\n\t\t\t\t\t\t\t\t\t\t\t\t\t\t\t<img fetchpriority=\"high\" decoding=\"async\" width=\"800\" height=\"146\" src=\"https:\/\/www.adra.sk\/wp-content\/uploads\/2025\/05\/Loga-1024x187.jpg\" class=\"attachment-large size-large wp-image-33735\" alt=\"\" srcset=\"https:\/\/www.adra.sk\/wp-content\/uploads\/2025\/05\/Loga-1024x187.jpg 1024w, https:\/\/www.adra.sk\/wp-content\/uploads\/2025\/05\/Loga-300x55.jpg 300w, https:\/\/www.adra.sk\/wp-content\/uploads\/2025\/05\/Loga-768x140.jpg 768w, https:\/\/www.adra.sk\/wp-content\/uploads\/2025\/05\/Loga-1536x280.jpg 1536w, https:\/\/www.adra.sk\/wp-content\/uploads\/2025\/05\/Loga-18x3.jpg 18w, https:\/\/www.adra.sk\/wp-content\/uploads\/2025\/05\/Loga.jpg 1721w\" sizes=\"(max-width: 800px) 100vw, 800px\" \/>\t\t\t\t\t\t\t\t\t\t\t\t\t\t\t<\/div>\n\t\t\t\t<\/div>\n\t\t\t\t<div class=\"elementor-element elementor-element-9cd1fc9 elementor-widget elementor-widget-image\" data-id=\"9cd1fc9\" data-element_type=\"widget\" data-e-type=\"widget\" data-widget_type=\"image.default\">\n\t\t\t\t<div class=\"elementor-widget-container\">\n\t\t\t\t\t\t\t\t\t\t\t\t\t\t\t<img decoding=\"async\" width=\"724\" height=\"1024\" src=\"https:\/\/www.adra.sk\/wp-content\/uploads\/2025\/05\/Plagat-3-724x1024.jpg\" class=\"attachment-large size-large wp-image-34000\" alt=\"\" srcset=\"https:\/\/www.adra.sk\/wp-content\/uploads\/2025\/05\/Plagat-3-724x1024.jpg 724w, https:\/\/www.adra.sk\/wp-content\/uploads\/2025\/05\/Plagat-3-212x300.jpg 212w, https:\/\/www.adra.sk\/wp-content\/uploads\/2025\/05\/Plagat-3-768x1086.jpg 768w, https:\/\/www.adra.sk\/wp-content\/uploads\/2025\/05\/Plagat-3-1086x1536.jpg 1086w, https:\/\/www.adra.sk\/wp-content\/uploads\/2025\/05\/Plagat-3-8x12.jpg 8w, https:\/\/www.adra.sk\/wp-content\/uploads\/2025\/05\/Plagat-3.jpg 1131w\" sizes=\"(max-width: 724px) 100vw, 724px\" \/>\t\t\t\t\t\t\t\t\t\t\t\t\t\t\t<\/div>\n\t\t\t\t<\/div>\n\t\t\t\t<div class=\"elementor-element elementor-element-449bf54 elementor-widget elementor-widget-spacer\" data-id=\"449bf54\" data-element_type=\"widget\" data-e-type=\"widget\" data-widget_type=\"spacer.default\">\n\t\t\t\t<div class=\"elementor-widget-container\">\n\t\t\t\t\t\t\t<div class=\"elementor-spacer\">\n\t\t\t<div class=\"elementor-spacer-inner\"><\/div>\n\t\t<\/div>\n\t\t\t\t\t\t<\/div>\n\t\t\t\t<\/div>\n\t\t\t\t\t<\/div>\n\t\t<\/div>\n\t\t\t\t<div class=\"elementor-column elementor-col-33 elementor-top-column elementor-element elementor-element-dc59496\" data-id=\"dc59496\" data-element_type=\"column\" data-e-type=\"column\">\n\t\t\t<div class=\"elementor-widget-wrap\">\n\t\t\t\t\t\t\t<\/div>\n\t\t<\/div>\n\t\t\t\t\t<\/div>\n\t\t<\/section>\n\t\t\t\t<\/div>","protected":false},"excerpt":{"rendered":"<p>Jazd\u00edme pre teplo domova ADRA CUP &#8211; Voderady 2025 INFORM\u00c1CIE REGISTR\u00c1CIA PROGRAM BENEF\u00cdCIA 8. kolo slovensk\u00e9ho poh\u00e1ra Masters v Cestnej cyklistike Absolvujte spolu s nami benefi\u010dn\u00fa jazdu na podporu Detsk\u00e9ho domova Pe\u010de\u0148ady. \u010cas\u0165 registra\u010dn\u00e9ho poplatku a sponzorsk\u00e9 pr\u00edspevky bud\u00fa venovan\u00e9 na zak\u00fapenie nov\u00fdch plynov\u00fdch kotlov, aby deti mali v zime op\u00e4\u0165 teplo. Organiz\u00e1tor: Komisia CPV [&hellip;]<\/p>\n","protected":false},"author":11,"featured_media":0,"parent":12590,"menu_order":5,"comment_status":"closed","ping_status":"closed","template":"","meta":{"_acf_changed":false,"ngg_post_thumbnail":0,"footnotes":""},"class_list":["post-33375","page","type-page","status-publish","hentry"],"acf":[],"_links":{"self":[{"href":"https:\/\/www.adra.sk\/en\/wp-json\/wp\/v2\/pages\/33375","targetHints":{"allow":["GET"]}}],"collection":[{"href":"https:\/\/www.adra.sk\/en\/wp-json\/wp\/v2\/pages"}],"about":[{"href":"https:\/\/www.adra.sk\/en\/wp-json\/wp\/v2\/types\/page"}],"author":[{"embeddable":true,"href":"https:\/\/www.adra.sk\/en\/wp-json\/wp\/v2\/users\/11"}],"replies":[{"embeddable":true,"href":"https:\/\/www.adra.sk\/en\/wp-json\/wp\/v2\/comments?post=33375"}],"version-history":[{"count":57,"href":"https:\/\/www.adra.sk\/en\/wp-json\/wp\/v2\/pages\/33375\/revisions"}],"predecessor-version":[{"id":34003,"href":"https:\/\/www.adra.sk\/en\/wp-json\/wp\/v2\/pages\/33375\/revisions\/34003"}],"up":[{"embeddable":true,"href":"https:\/\/www.adra.sk\/en\/wp-json\/wp\/v2\/pages\/12590"}],"wp:attachment":[{"href":"https:\/\/www.adra.sk\/en\/wp-json\/wp\/v2\/media?parent=33375"}],"curies":[{"name":"wp","href":"https:\/\/api.w.org\/{rel}","templated":true}]}}