{"id":33406,"date":"2025-04-04T16:06:44","date_gmt":"2025-04-04T16:06:44","guid":{"rendered":"https:\/\/www.adra.sk\/?page_id=33406"},"modified":"2025-05-26T10:05:34","modified_gmt":"2025-05-26T10:05:34","slug":"registracia-2025","status":"publish","type":"page","link":"https:\/\/www.adra.sk\/en\/ako-pomahame\/preteky-2025-2\/registracia-2025\/","title":{"rendered":"Registr\u00e1cia 2025"},"content":{"rendered":"<div data-elementor-type=\"wp-page\" data-elementor-id=\"33406\" class=\"elementor elementor-33406\" data-elementor-post-type=\"page\">\n\t\t\t\t\t\t<section class=\"elementor-section elementor-top-section elementor-element elementor-element-166e585 elementor-section-full_width elementor-section-height-min-height elementor-section-content-top elementor-section-height-default elementor-section-items-middle\" data-id=\"166e585\" data-element_type=\"section\" data-e-type=\"section\" data-settings=\"{&quot;background_background&quot;:&quot;classic&quot;}\">\n\t\t\t\t\t\t<div class=\"elementor-container elementor-column-gap-no\">\n\t\t\t\t\t<div class=\"elementor-column elementor-col-100 elementor-top-column elementor-element elementor-element-c02d90c\" data-id=\"c02d90c\" data-element_type=\"column\" data-e-type=\"column\">\n\t\t\t<div class=\"elementor-widget-wrap elementor-element-populated\">\n\t\t\t\t\t\t<div class=\"elementor-element elementor-element-7e0bb1a elementor-widget__width-auto elementor-widget elementor-widget-heading\" data-id=\"7e0bb1a\" data-element_type=\"widget\" data-e-type=\"widget\" data-widget_type=\"heading.default\">\n\t\t\t\t<div class=\"elementor-widget-container\">\n\t\t\t\t\t<h3 class=\"elementor-heading-title elementor-size-default\">REGISTER<\/h3>\t\t\t\t<\/div>\n\t\t\t\t<\/div>\n\t\t\t\t\t<\/div>\n\t\t<\/div>\n\t\t\t\t\t<\/div>\n\t\t<\/section>\n\t\t\t\t<section class=\"elementor-section elementor-top-section elementor-element elementor-element-304373a elementor-section-full_width elementor-section-height-default elementor-section-height-default\" data-id=\"304373a\" data-element_type=\"section\" data-e-type=\"section\">\n\t\t\t\t\t\t<div class=\"elementor-container elementor-column-gap-default\">\n\t\t\t\t\t<div class=\"elementor-column elementor-col-33 elementor-top-column elementor-element elementor-element-662b799\" data-id=\"662b799\" data-element_type=\"column\" data-e-type=\"column\">\n\t\t\t<div class=\"elementor-widget-wrap elementor-element-populated\">\n\t\t\t\t\t\t<div class=\"elementor-element elementor-element-f06d072 elementor-widget elementor-widget-button\" data-id=\"f06d072\" data-element_type=\"widget\" data-e-type=\"widget\" data-widget_type=\"button.default\">\n\t\t\t\t<div class=\"elementor-widget-container\">\n\t\t\t\t\t\t\t\t\t<div class=\"elementor-button-wrapper\">\n\t\t\t\t\t<a class=\"elementor-button elementor-button-link elementor-size-sm\" href=\"https:\/\/www.adra.sk\/en\/ako-pomahame\/preteky-2025-2\/\">\n\t\t\t\t\t\t<span class=\"elementor-button-content-wrapper\">\n\t\t\t\t\t\t\t\t\t<span class=\"elementor-button-text\">Back to home page<\/span>\n\t\t\t\t\t<\/span>\n\t\t\t\t\t<\/a>\n\t\t\t\t<\/div>\n\t\t\t\t\t\t\t\t<\/div>\n\t\t\t\t<\/div>\n\t\t\t\t\t<\/div>\n\t\t<\/div>\n\t\t\t\t<div class=\"elementor-column elementor-col-33 elementor-top-column elementor-element elementor-element-5371bf9\" data-id=\"5371bf9\" data-element_type=\"column\" data-e-type=\"column\">\n\t\t\t<div class=\"elementor-widget-wrap elementor-element-populated\">\n\t\t\t\t\t\t<div class=\"elementor-element elementor-element-37c332c elementor-widget elementor-widget-spacer\" data-id=\"37c332c\" data-element_type=\"widget\" data-e-type=\"widget\" data-widget_type=\"spacer.default\">\n\t\t\t\t<div class=\"elementor-widget-container\">\n\t\t\t\t\t\t\t<div class=\"elementor-spacer\">\n\t\t\t<div class=\"elementor-spacer-inner\"><\/div>\n\t\t<\/div>\n\t\t\t\t\t\t<\/div>\n\t\t\t\t<\/div>\n\t\t\t\t<div class=\"elementor-element elementor-element-7235e35 elementor-widget elementor-widget-text-editor\" data-id=\"7235e35\" data-element_type=\"widget\" data-e-type=\"widget\" data-widget_type=\"text-editor.default\">\n\t\t\t\t<div class=\"elementor-widget-container\">\n\t\t\t\t\t\t\t\t\t<ul><li style=\"text-align: left;\"><strong>Categories MERIDA ROAD CUP - <\/strong>registration of licensed competitors for all categories:<\/li><\/ul><p style=\"text-align: left;\">Registration via the online registration form on the SZC website <a href=\"http:\/\/www.cyklistikaszc.sk\"><strong>www.cyklistikaszc.sk<\/strong><\/a>\u00a0<\/p><p style=\"text-align: left;\">Entries will close on 19.6.2025 at 15:00. Only pre-registered competitors will start.<\/p><ul><li style=\"text-align: left;\"><strong>Categories HOBBY -<\/strong> unlicensed cyclists, youth and public<\/li><\/ul><p style=\"text-align: left;\">E-form registration on the adra website: <a href=\"https:\/\/forms.gle\/gG6MNg7Yn6WP3fJE7\"><strong>Registration form,<\/strong><\/a><\/p><p style=\"text-align: left;\">or on the day of the race directly at the race office<\/p><p style=\"text-align: left;\">Closing date for entries 19.6.2025 at 15.00 or on the day of the race at the race office<\/p>\t\t\t\t\t\t\t\t<\/div>\n\t\t\t\t<\/div>\n\t\t\t\t\t<\/div>\n\t\t<\/div>\n\t\t\t\t<div class=\"elementor-column elementor-col-33 elementor-top-column elementor-element elementor-element-90ea8ae\" data-id=\"90ea8ae\" data-element_type=\"column\" data-e-type=\"column\">\n\t\t\t<div class=\"elementor-widget-wrap\">\n\t\t\t\t\t\t\t<\/div>\n\t\t<\/div>\n\t\t\t\t\t<\/div>\n\t\t<\/section>\n\t\t\t\t<section class=\"elementor-section elementor-top-section elementor-element elementor-element-e5be043 elementor-section-full_width elementor-section-height-min-height elementor-section-content-top elementor-section-height-default elementor-section-items-middle\" data-id=\"e5be043\" data-element_type=\"section\" data-e-type=\"section\" data-settings=\"{&quot;background_background&quot;:&quot;classic&quot;}\">\n\t\t\t\t\t\t<div class=\"elementor-container elementor-column-gap-no\">\n\t\t\t\t\t<div class=\"elementor-column elementor-col-100 elementor-top-column elementor-element elementor-element-91342c8\" data-id=\"91342c8\" data-element_type=\"column\" data-e-type=\"column\">\n\t\t\t<div class=\"elementor-widget-wrap elementor-element-populated\">\n\t\t\t\t\t\t<div class=\"elementor-element elementor-element-c7856fa elementor-widget__width-auto elementor-widget elementor-widget-heading\" data-id=\"c7856fa\" data-element_type=\"widget\" data-e-type=\"widget\" data-widget_type=\"heading.default\">\n\t\t\t\t<div class=\"elementor-widget-container\">\n\t\t\t\t\t<h3 class=\"elementor-heading-title elementor-size-default\">Entry fee<\/h3>\t\t\t\t<\/div>\n\t\t\t\t<\/div>\n\t\t\t\t\t<\/div>\n\t\t<\/div>\n\t\t\t\t\t<\/div>\n\t\t<\/section>\n\t\t\t\t<section class=\"elementor-section elementor-top-section elementor-element elementor-element-20fa1e3 elementor-section-full_width elementor-section-height-default elementor-section-height-default\" data-id=\"20fa1e3\" data-element_type=\"section\" data-e-type=\"section\">\n\t\t\t\t\t\t<div class=\"elementor-container elementor-column-gap-default\">\n\t\t\t\t\t<div class=\"elementor-column elementor-col-33 elementor-top-column elementor-element elementor-element-a11d71c\" data-id=\"a11d71c\" data-element_type=\"column\" data-e-type=\"column\">\n\t\t\t<div class=\"elementor-widget-wrap\">\n\t\t\t\t\t\t\t<\/div>\n\t\t<\/div>\n\t\t\t\t<div class=\"elementor-column elementor-col-33 elementor-top-column elementor-element elementor-element-e3d6c3d\" data-id=\"e3d6c3d\" data-element_type=\"column\" data-e-type=\"column\">\n\t\t\t<div class=\"elementor-widget-wrap elementor-element-populated\">\n\t\t\t\t\t\t<div class=\"elementor-element elementor-element-e5cd729 elementor-widget elementor-widget-spacer\" data-id=\"e5cd729\" data-element_type=\"widget\" data-e-type=\"widget\" data-widget_type=\"spacer.default\">\n\t\t\t\t<div class=\"elementor-widget-container\">\n\t\t\t\t\t\t\t<div class=\"elementor-spacer\">\n\t\t\t<div class=\"elementor-spacer-inner\"><\/div>\n\t\t<\/div>\n\t\t\t\t\t\t<\/div>\n\t\t\t\t<\/div>\n\t\t\t\t<div class=\"elementor-element elementor-element-ce73ae0 elementor-widget elementor-widget-text-editor\" data-id=\"ce73ae0\" data-element_type=\"widget\" data-e-type=\"widget\" data-widget_type=\"text-editor.default\">\n\t\t\t\t<div class=\"elementor-widget-container\">\n\t\t\t\t\t\t\t\t\t<p style=\"text-align: left;\"><span style=\"color: #000000;\"><strong>Categories MERIDA ROAD CU<span style=\"color: #000000;\">P:<\/span><\/strong> all categories of licensed competitors:<\/span><\/p><ul><li style=\"text-align: left;\"><strong>Men B, Masters A,B,C,D, Cadets and Juniors: <\/strong>entry fee<strong> 20 \u20ac + gift<\/strong><\/li><li style=\"text-align: left;\"><strong>Women Elite + Cadettes, Juniors, Women Masters A+B: <\/strong>entry fee<strong> 15 \u20ac + donation<\/strong><\/li><li style=\"text-align: left;\"><strong>Men Masters E, F, G, H<\/strong><strong>, <\/strong><strong>Women Masters C: <\/strong>entry fee<strong> 10 \u20ac + donation<\/strong><\/li><\/ul><p style=\"text-align: left;\"><strong>Entry fee:<\/strong> Payment to ADRA account number <strong>SK50 8330 0000 0026 0173 4551.\u00a0 <br \/><\/strong>As <strong>variable symbol <\/strong>indicate the current yearly number of the competitor assigned by SZC.<\/p><p style=\"text-align: left;\"><strong>Voluntary donation:<\/strong> Centre for Children and Families Pe\u010de\u0148ady<strong><br \/>SK50 8330 0000 0026 0173 4551, <\/strong>state in the notes:<strong> Donation to DD Pechenady<\/strong><\/p><ul><li style=\"text-align: left;\">Registration via the online registration form on the SZC website <a href=\"http:\/\/www.cyklistikaszc.sk\"><strong>www.cyklistikaszc.sk<\/strong><\/a>\u00a0<\/li><li style=\"text-align: left;\">Entries will close on 19.6.2025 at 15:00. Only pre-registered competitors will start.<\/li><\/ul><p style=\"text-align: left;\"><span style=\"color: #000000;\"><strong>HOBBY categories: <\/strong>all categories of unlicensed competitors<\/span><\/p><ul><li style=\"text-align: left;\"><p><strong>Men Hobby<\/strong><strong>: <\/strong>entry fee<strong> 20 \u20ac + gift<\/strong><\/p><\/li><li style=\"text-align: left;\"><p><strong>Women Hobby<\/strong><strong>: <\/strong>entry fee<strong> 15 \u20ac + donation<\/strong><\/p><\/li><li style=\"text-align: left;\"><p><strong>Children from 10 to 14 years old: <\/strong>entry fee<strong> 3 \u20ac<\/strong><\/p><\/li><li style=\"text-align: left;\"><strong>Children up to 10 years old: <\/strong>Free<\/li><\/ul><p style=\"text-align: left;\"><strong>Entry fee:<\/strong> Payment to ADRA account number <strong>SK50 8330 0000 0026 0173 4551.\u00a0 <br \/><\/strong><strong>Voluntary donation: <\/strong>Centre for Children and Families Pe\u010de\u0148ady<strong><br \/>SK50 8330 0000 0026 0173 4551, <\/strong>state in the notes:<strong> Donation to DD Pechenady<\/strong><\/p><ul><li style=\"text-align: left;\">E-form registration on the adra website: <a href=\"https:\/\/forms.gle\/gG6MNg7Yn6WP3fJE7\"><strong>Application form<\/strong><\/a>, or on the day of the race directly at the race office<\/li><\/ul><ul><li style=\"text-align: left;\">Closing date for entries 19.6.2025 at 15.00 or on the day of the race at the race office<\/li><li style=\"text-align: left;\">HOBBY categories can also pay the entry fee in cash on the spot.<\/li><\/ul>\t\t\t\t\t\t\t\t<\/div>\n\t\t\t\t<\/div>\n\t\t\t\t\t<\/div>\n\t\t<\/div>\n\t\t\t\t<div class=\"elementor-column elementor-col-33 elementor-top-column elementor-element elementor-element-b684b2e\" data-id=\"b684b2e\" data-element_type=\"column\" data-e-type=\"column\">\n\t\t\t<div class=\"elementor-widget-wrap\">\n\t\t\t\t\t\t\t<\/div>\n\t\t<\/div>\n\t\t\t\t\t<\/div>\n\t\t<\/section>\n\t\t\t\t<\/div>","protected":false},"excerpt":{"rendered":"<p>REGISTR\u00c1CIA Sp\u00e4\u0165 na hlavn\u00fa str\u00e1nku Kateg\u00f3rie MERIDA ROAD CUP &#8211; registr\u00e1cia licencovan\u00fdch pretek\u00e1rov\u00a0 do v\u0161etk\u00fdch kateg\u00f3ri\u00ed : Prihlasovanie cez online registra\u010dn\u00fd formul\u00e1r uveden\u00fd na str\u00e1nke SZC www.cyklistikaszc.sk\u00a0 Prihlasovania bude ukon\u010den\u00e9\u00a0 19.6.2025 o 15:00 hod. \u0160tartova\u0165 bud\u00fa len vopred prihl\u00e1sen\u00ed pretek\u00e1ri. Kateg\u00f3rie HOBBY &#8211; cyklistov bez licencie, ml\u00e1de\u017e a verejnos\u0165 Prihlasovanie e-formul\u00e1rom na webe adra: Prihlasovac\u00ed [&hellip;]<\/p>\n","protected":false},"author":11,"featured_media":0,"parent":33375,"menu_order":5,"comment_status":"closed","ping_status":"closed","template":"","meta":{"_acf_changed":false,"ngg_post_thumbnail":0,"footnotes":""},"class_list":["post-33406","page","type-page","status-publish","hentry"],"acf":[],"_links":{"self":[{"href":"https:\/\/www.adra.sk\/en\/wp-json\/wp\/v2\/pages\/33406","targetHints":{"allow":["GET"]}}],"collection":[{"href":"https:\/\/www.adra.sk\/en\/wp-json\/wp\/v2\/pages"}],"about":[{"href":"https:\/\/www.adra.sk\/en\/wp-json\/wp\/v2\/types\/page"}],"author":[{"embeddable":true,"href":"https:\/\/www.adra.sk\/en\/wp-json\/wp\/v2\/users\/11"}],"replies":[{"embeddable":true,"href":"https:\/\/www.adra.sk\/en\/wp-json\/wp\/v2\/comments?post=33406"}],"version-history":[{"count":31,"href":"https:\/\/www.adra.sk\/en\/wp-json\/wp\/v2\/pages\/33406\/revisions"}],"predecessor-version":[{"id":33896,"href":"https:\/\/www.adra.sk\/en\/wp-json\/wp\/v2\/pages\/33406\/revisions\/33896"}],"up":[{"embeddable":true,"href":"https:\/\/www.adra.sk\/en\/wp-json\/wp\/v2\/pages\/33375"}],"wp:attachment":[{"href":"https:\/\/www.adra.sk\/en\/wp-json\/wp\/v2\/media?parent=33406"}],"curies":[{"name":"wp","href":"https:\/\/api.w.org\/{rel}","templated":true}]}}