{"id":33414,"date":"2025-04-04T16:11:53","date_gmt":"2025-04-04T16:11:53","guid":{"rendered":"https:\/\/www.adra.sk\/?page_id=33414"},"modified":"2025-05-16T15:17:10","modified_gmt":"2025-05-16T15:17:10","slug":"program-2025","status":"publish","type":"page","link":"https:\/\/www.adra.sk\/en\/ako-pomahame\/preteky-2025-2\/program-2025\/","title":{"rendered":"Program 2025"},"content":{"rendered":"<div data-elementor-type=\"wp-page\" data-elementor-id=\"33414\" class=\"elementor elementor-33414\" data-elementor-post-type=\"page\">\n\t\t\t\t\t\t<section class=\"elementor-section elementor-top-section elementor-element elementor-element-89f2178 elementor-section-full_width elementor-section-height-min-height elementor-section-content-top elementor-section-height-default elementor-section-items-middle\" data-id=\"89f2178\" data-element_type=\"section\" data-e-type=\"section\" data-settings=\"{&quot;background_background&quot;:&quot;classic&quot;}\">\n\t\t\t\t\t\t<div class=\"elementor-container elementor-column-gap-no\">\n\t\t\t\t\t<div class=\"elementor-column elementor-col-100 elementor-top-column elementor-element elementor-element-582d38c\" data-id=\"582d38c\" data-element_type=\"column\" data-e-type=\"column\">\n\t\t\t<div class=\"elementor-widget-wrap elementor-element-populated\">\n\t\t\t\t\t\t<div class=\"elementor-element elementor-element-8f43de5 elementor-widget__width-auto elementor-widget elementor-widget-heading\" data-id=\"8f43de5\" data-element_type=\"widget\" data-e-type=\"widget\" data-widget_type=\"heading.default\">\n\t\t\t\t<div class=\"elementor-widget-container\">\n\t\t\t\t\t<h3 class=\"elementor-heading-title elementor-size-default\">PROGRAMME<\/h3>\t\t\t\t<\/div>\n\t\t\t\t<\/div>\n\t\t\t\t\t<\/div>\n\t\t<\/div>\n\t\t\t\t\t<\/div>\n\t\t<\/section>\n\t\t\t\t<section class=\"elementor-section elementor-top-section elementor-element elementor-element-9c08560 elementor-section-full_width elementor-section-height-default elementor-section-height-default\" data-id=\"9c08560\" data-element_type=\"section\" data-e-type=\"section\">\n\t\t\t\t\t\t<div class=\"elementor-container elementor-column-gap-default\">\n\t\t\t\t\t<div class=\"elementor-column elementor-col-33 elementor-top-column elementor-element elementor-element-c7a6795\" data-id=\"c7a6795\" data-element_type=\"column\" data-e-type=\"column\">\n\t\t\t<div class=\"elementor-widget-wrap elementor-element-populated\">\n\t\t\t\t\t\t<div class=\"elementor-element elementor-element-a01f115 elementor-widget elementor-widget-button\" data-id=\"a01f115\" data-element_type=\"widget\" data-e-type=\"widget\" data-widget_type=\"button.default\">\n\t\t\t\t<div class=\"elementor-widget-container\">\n\t\t\t\t\t\t\t\t\t<div class=\"elementor-button-wrapper\">\n\t\t\t\t\t<a class=\"elementor-button elementor-button-link elementor-size-sm\" href=\"https:\/\/www.adra.sk\/en\/ako-pomahame\/preteky-2025-2\/\">\n\t\t\t\t\t\t<span class=\"elementor-button-content-wrapper\">\n\t\t\t\t\t\t\t\t\t<span class=\"elementor-button-text\">Back to home page<\/span>\n\t\t\t\t\t<\/span>\n\t\t\t\t\t<\/a>\n\t\t\t\t<\/div>\n\t\t\t\t\t\t\t\t<\/div>\n\t\t\t\t<\/div>\n\t\t\t\t\t<\/div>\n\t\t<\/div>\n\t\t\t\t<div class=\"elementor-column elementor-col-33 elementor-top-column elementor-element elementor-element-72af18f\" data-id=\"72af18f\" data-element_type=\"column\" data-e-type=\"column\">\n\t\t\t<div class=\"elementor-widget-wrap elementor-element-populated\">\n\t\t\t\t\t\t<div class=\"elementor-element elementor-element-fbd3fe6 elementor-widget elementor-widget-spacer\" data-id=\"fbd3fe6\" data-element_type=\"widget\" data-e-type=\"widget\" data-widget_type=\"spacer.default\">\n\t\t\t\t<div class=\"elementor-widget-container\">\n\t\t\t\t\t\t\t<div class=\"elementor-spacer\">\n\t\t\t<div class=\"elementor-spacer-inner\"><\/div>\n\t\t<\/div>\n\t\t\t\t\t\t<\/div>\n\t\t\t\t<\/div>\n\t\t\t\t<div class=\"elementor-element elementor-element-02b165c elementor-widget elementor-widget-text-editor\" data-id=\"02b165c\" data-element_type=\"widget\" data-e-type=\"widget\" data-widget_type=\"text-editor.default\">\n\t\t\t\t<div class=\"elementor-widget-container\">\n\t\t\t\t\t\t\t\t\t<p style=\"text-align: left;\"><strong>For professional cyclists: <\/strong><\/p><ul style=\"text-align: left;\"><li>MRC category men, women<\/li><li>Race categories Men B, Women ELITE, juniors, juniors<\/li><\/ul><p style=\"text-align: left;\"><strong>For the general public: <\/strong><\/p><ul style=\"text-align: left;\"><li>Categories HOBBY men, women<\/li><li>Races for youth and children<\/li><li>Team matches for companies<\/li><\/ul><p style=\"text-align: left;\"><strong>Accompanying events:<\/strong><\/p><ul><li style=\"text-align: left;\">Workshops for families and children<\/li><li style=\"text-align: left;\">Activities for children from orphanages<\/li><li style=\"text-align: left;\">Non-traditional sports matches<\/li><li style=\"text-align: left;\">Introducing humanitarian aid<\/li><li style=\"text-align: left;\">Public collection for DD Pe\u010de\u0148ady<\/li><\/ul><p style=\"text-align: center;\"><strong>Time schedule of the race<\/strong><\/p><table width=\"576\"><tbody><tr><td width=\"239\"><p style=\"text-align: left;\"><strong>\u00a0<\/strong><\/p><\/td><td width=\"99\"><p><strong>Circuits<\/strong><\/p><\/td><td width=\"81\"><p><strong>Length (km)<\/strong><\/p><\/td><td width=\"157\"><p><strong>Approximate start time <\/strong><\/p><\/td><\/tr><tr><td width=\"239\"><p><strong>Children <\/strong><strong>5-9 y.o., Scooters and scooters<\/strong><\/p><\/td><td width=\"99\"><p><strong>1<\/strong> small circuit<\/p><\/td><td width=\"81\"><p>0,3<\/p><\/td><td width=\"157\"><p>9:30<\/p><\/td><\/tr><tr><td width=\"239\"><p style=\"text-align: left;\"><strong>Children <\/strong><strong>5-9 years + 10-14 HOBBY<\/strong><\/p><\/td><td width=\"99\"><p><strong>1<\/strong>\u00a0<\/p><\/td><td width=\"81\"><p>2,4<\/p><\/td><td width=\"157\"><p>9:45<\/p><\/td><\/tr><tr><td width=\"239\"><p style=\"text-align: left;\"><strong>Youth 10-14 years<\/strong><\/p><\/td><td width=\"99\"><p><strong>3<\/strong>\u00a0<\/p><\/td><td width=\"81\"><p>7,2<\/p><\/td><td width=\"157\"><p>10.00<\/p><\/td><\/tr><tr><td width=\"239\"><p style=\"text-align: left;\"><strong>MASTERS F,G,H, Women MAST C <\/strong><\/p><\/td><td width=\"99\"><p><strong>9<\/strong>\u00a0<\/p><\/td><td width=\"81\"><p>22<\/p><\/td><td width=\"157\"><p>10.25<\/p><\/td><\/tr><tr><td width=\"239\"><p style=\"text-align: left;\"><strong>Hobby Men, women<\/strong><\/p><\/td><td width=\"99\"><p><strong>9<\/strong>\u00a0<\/p><\/td><td width=\"81\"><p>22<\/p><\/td><td width=\"157\"><p>11:05<\/p><\/td><\/tr><tr><td width=\"239\"><p style=\"text-align: left;\"><strong>Masters D, E, <\/strong><strong>Women MAST A + B, Cadettes <\/strong><\/p><\/td><td width=\"99\"><p><strong>12<\/strong><\/p><\/td><td width=\"81\"><p>29<\/p><\/td><td width=\"157\"><p>12.20<\/p><\/td><\/tr><tr><td width=\"239\"><p style=\"text-align: left;\"><strong>MASTERS C, CADETS,\u00a0 <\/strong><strong>Women ELITE+Junior\u00a0 <\/strong><\/p><\/td><td width=\"99\"><p><strong>15<\/strong><\/p><\/td><td width=\"81\"><p>36<\/p><\/td><td width=\"157\"><p>13.10<\/p><\/td><\/tr><tr><td width=\"239\"><p style=\"text-align: left;\"><strong>MASTERS A, B<\/strong><\/p><\/td><td width=\"99\"><p><strong>18<\/strong><\/p><\/td><td width=\"81\"><p>43<\/p><\/td><td width=\"157\"><p>14:20<\/p><\/td><\/tr><tr><td width=\"239\"><p style=\"text-align: left;\"><strong>Men B + Juniors<\/strong><\/p><\/td><td width=\"99\"><p><strong>21<\/strong><\/p><\/td><td width=\"81\"><p>50<\/p><\/td><td width=\"157\"><p>15:50<\/p><\/td><\/tr><tr><td width=\"239\"><p style=\"text-align: left;\"><strong>Evaluation<\/strong><\/p><\/td><td width=\"99\">\u00a0<\/td><td width=\"81\">\u00a0<\/td><td width=\"157\"><p>17.20<\/p><\/td><\/tr><\/tbody><\/table>\t\t\t\t\t\t\t\t<\/div>\n\t\t\t\t<\/div>\n\t\t\t\t\t<\/div>\n\t\t<\/div>\n\t\t\t\t<div class=\"elementor-column elementor-col-33 elementor-top-column elementor-element elementor-element-bb2952e\" data-id=\"bb2952e\" data-element_type=\"column\" data-e-type=\"column\">\n\t\t\t<div class=\"elementor-widget-wrap\">\n\t\t\t\t\t\t\t<\/div>\n\t\t<\/div>\n\t\t\t\t\t<\/div>\n\t\t<\/section>\n\t\t\t\t<\/div>","protected":false},"excerpt":{"rendered":"<p>PROGRAM Sp\u00e4\u0165 na hlavn\u00fa str\u00e1nku Pre profesion\u00e1lnych cyklistov: Preteky kateg\u00f3rie MRC mu\u017ei, \u017eeny Preteky kateg\u00f3rie Mu\u017ei B, \u017deny ELITE, juniori, juniorky Pre \u0161irok\u00fa verejnos\u0165: Kateg\u00f3rie HOBBY mu\u017ei, \u017eeny Preteky pre ml\u00e1de\u017e a deti T\u00edmov\u00e9 z\u00e1polenia pre firmy Sprievodn\u00e9 akcie: Workshopy pre rodiny a deti Aktivity pre deti z\u00a0detsk\u00fdch domovov Netradi\u010dn\u00e9 \u0161portov\u00e9 z\u00e1polenia Predstavenie humanit\u00e1rnej pomoci [&hellip;]<\/p>\n","protected":false},"author":11,"featured_media":0,"parent":33375,"menu_order":5,"comment_status":"closed","ping_status":"closed","template":"","meta":{"_acf_changed":false,"ngg_post_thumbnail":0,"footnotes":""},"class_list":["post-33414","page","type-page","status-publish","hentry"],"acf":[],"_links":{"self":[{"href":"https:\/\/www.adra.sk\/en\/wp-json\/wp\/v2\/pages\/33414","targetHints":{"allow":["GET"]}}],"collection":[{"href":"https:\/\/www.adra.sk\/en\/wp-json\/wp\/v2\/pages"}],"about":[{"href":"https:\/\/www.adra.sk\/en\/wp-json\/wp\/v2\/types\/page"}],"author":[{"embeddable":true,"href":"https:\/\/www.adra.sk\/en\/wp-json\/wp\/v2\/users\/11"}],"replies":[{"embeddable":true,"href":"https:\/\/www.adra.sk\/en\/wp-json\/wp\/v2\/comments?post=33414"}],"version-history":[{"count":37,"href":"https:\/\/www.adra.sk\/en\/wp-json\/wp\/v2\/pages\/33414\/revisions"}],"predecessor-version":[{"id":33793,"href":"https:\/\/www.adra.sk\/en\/wp-json\/wp\/v2\/pages\/33414\/revisions\/33793"}],"up":[{"embeddable":true,"href":"https:\/\/www.adra.sk\/en\/wp-json\/wp\/v2\/pages\/33375"}],"wp:attachment":[{"href":"https:\/\/www.adra.sk\/en\/wp-json\/wp\/v2\/media?parent=33414"}],"curies":[{"name":"wp","href":"https:\/\/api.w.org\/{rel}","templated":true}]}}