{"id":33422,"date":"2025-04-04T16:15:55","date_gmt":"2025-04-04T16:15:55","guid":{"rendered":"https:\/\/www.adra.sk\/?page_id=33422"},"modified":"2025-05-26T11:03:50","modified_gmt":"2025-05-26T11:03:50","slug":"beneficia-2025","status":"publish","type":"page","link":"https:\/\/www.adra.sk\/en\/ako-pomahame\/preteky-2025-2\/beneficia-2025\/","title":{"rendered":"Benef\u00edcia 2025"},"content":{"rendered":"<div data-elementor-type=\"wp-page\" data-elementor-id=\"33422\" class=\"elementor elementor-33422\" data-elementor-post-type=\"page\">\n\t\t\t\t\t\t<section class=\"elementor-section elementor-top-section elementor-element elementor-element-db7cbba elementor-section-full_width elementor-section-height-min-height elementor-section-content-top elementor-section-height-default elementor-section-items-middle\" data-id=\"db7cbba\" data-element_type=\"section\" data-e-type=\"section\" data-settings=\"{&quot;background_background&quot;:&quot;classic&quot;}\">\n\t\t\t\t\t\t<div class=\"elementor-container elementor-column-gap-no\">\n\t\t\t\t\t<div class=\"elementor-column elementor-col-100 elementor-top-column elementor-element elementor-element-839f50f\" data-id=\"839f50f\" data-element_type=\"column\" data-e-type=\"column\">\n\t\t\t<div class=\"elementor-widget-wrap elementor-element-populated\">\n\t\t\t\t\t\t<div class=\"elementor-element elementor-element-d1f32b1 elementor-widget__width-auto elementor-widget elementor-widget-heading\" data-id=\"d1f32b1\" data-element_type=\"widget\" data-e-type=\"widget\" data-widget_type=\"heading.default\">\n\t\t\t\t<div class=\"elementor-widget-container\">\n\t\t\t\t\t<h3 class=\"elementor-heading-title elementor-size-default\">BENEFICE<\/h3>\t\t\t\t<\/div>\n\t\t\t\t<\/div>\n\t\t\t\t\t<\/div>\n\t\t<\/div>\n\t\t\t\t\t<\/div>\n\t\t<\/section>\n\t\t\t\t<section class=\"elementor-section elementor-top-section elementor-element elementor-element-2b935ad elementor-section-full_width elementor-section-height-default elementor-section-height-default\" data-id=\"2b935ad\" data-element_type=\"section\" data-e-type=\"section\">\n\t\t\t\t\t\t<div class=\"elementor-container elementor-column-gap-default\">\n\t\t\t\t\t<div class=\"elementor-column elementor-col-33 elementor-top-column elementor-element elementor-element-d560f9b\" data-id=\"d560f9b\" data-element_type=\"column\" data-e-type=\"column\">\n\t\t\t<div class=\"elementor-widget-wrap elementor-element-populated\">\n\t\t\t\t\t\t<div class=\"elementor-element elementor-element-32e65cf elementor-widget elementor-widget-button\" data-id=\"32e65cf\" data-element_type=\"widget\" data-e-type=\"widget\" data-widget_type=\"button.default\">\n\t\t\t\t<div class=\"elementor-widget-container\">\n\t\t\t\t\t\t\t\t\t<div class=\"elementor-button-wrapper\">\n\t\t\t\t\t<a class=\"elementor-button elementor-button-link elementor-size-sm\" href=\"https:\/\/www.adra.sk\/en\/ako-pomahame\/preteky-2025-2\/\">\n\t\t\t\t\t\t<span class=\"elementor-button-content-wrapper\">\n\t\t\t\t\t\t\t\t\t<span class=\"elementor-button-text\">Back to home page<\/span>\n\t\t\t\t\t<\/span>\n\t\t\t\t\t<\/a>\n\t\t\t\t<\/div>\n\t\t\t\t\t\t\t\t<\/div>\n\t\t\t\t<\/div>\n\t\t\t\t\t<\/div>\n\t\t<\/div>\n\t\t\t\t<div class=\"elementor-column elementor-col-33 elementor-top-column elementor-element elementor-element-98c3046\" data-id=\"98c3046\" data-element_type=\"column\" data-e-type=\"column\">\n\t\t\t<div class=\"elementor-widget-wrap elementor-element-populated\">\n\t\t\t\t\t\t<div class=\"elementor-element elementor-element-30762c4 elementor-widget elementor-widget-spacer\" data-id=\"30762c4\" data-element_type=\"widget\" data-e-type=\"widget\" data-widget_type=\"spacer.default\">\n\t\t\t\t<div class=\"elementor-widget-container\">\n\t\t\t\t\t\t\t<div class=\"elementor-spacer\">\n\t\t\t<div class=\"elementor-spacer-inner\"><\/div>\n\t\t<\/div>\n\t\t\t\t\t\t<\/div>\n\t\t\t\t<\/div>\n\t\t\t\t<div class=\"elementor-element elementor-element-c9fcefc elementor-widget elementor-widget-text-editor\" data-id=\"c9fcefc\" data-element_type=\"widget\" data-e-type=\"widget\" data-widget_type=\"text-editor.default\">\n\t\t\t\t<div class=\"elementor-widget-container\">\n\t\t\t\t\t\t\t\t\t<p><strong>Join us on a benefit ride to support<\/strong><\/p><p><strong>Children's Home <a href=\"https:\/\/www.oporapecenady.sk\/\">The roasters.<\/a><\/strong><\/p><p>A portion of the registration fee and sponsorship contributions will be donated to purchase new gas boilers so that the children will have heat again this winter.<\/p>\t\t\t\t\t\t\t\t<\/div>\n\t\t\t\t<\/div>\n\t\t\t\t<div class=\"elementor-element elementor-element-cb7d463 elementor-widget elementor-widget-image\" data-id=\"cb7d463\" data-element_type=\"widget\" data-e-type=\"widget\" data-widget_type=\"image.default\">\n\t\t\t\t<div class=\"elementor-widget-container\">\n\t\t\t\t\t\t\t\t\t\t\t\t\t\t\t<img fetchpriority=\"high\" decoding=\"async\" width=\"779\" height=\"565\" src=\"https:\/\/www.adra.sk\/wp-content\/uploads\/2025\/05\/DD.jpg\" class=\"attachment-large size-large wp-image-33795\" alt=\"\" srcset=\"https:\/\/www.adra.sk\/wp-content\/uploads\/2025\/05\/DD.jpg 779w, https:\/\/www.adra.sk\/wp-content\/uploads\/2025\/05\/DD-300x218.jpg 300w, https:\/\/www.adra.sk\/wp-content\/uploads\/2025\/05\/DD-768x557.jpg 768w, https:\/\/www.adra.sk\/wp-content\/uploads\/2025\/05\/DD-18x12.jpg 18w\" sizes=\"(max-width: 779px) 100vw, 779px\" \/>\t\t\t\t\t\t\t\t\t\t\t\t\t\t\t<\/div>\n\t\t\t\t<\/div>\n\t\t\t\t<div class=\"elementor-element elementor-element-f70b75b elementor-widget elementor-widget-text-editor\" data-id=\"f70b75b\" data-element_type=\"widget\" data-e-type=\"widget\" data-widget_type=\"text-editor.default\">\n\t\t\t\t<div class=\"elementor-widget-container\">\n\t\t\t\t\t\t\t\t\t<p>This year the race is in a new format, open to the general public in addition to professionals, combined with a benefit and accompanying activities for children from orphanages and families.<\/p><p>Proceeds from the entry fee, public collection and sponsorship donations will be donated to the Centre for Children and Families \u201eOpora\u201c Pe\u010de\u0148ady, for the purchase of new gas boilers.<span style=\"color: #000000;\"><b> <br \/><\/b><\/span><\/p><p>Thank you to all starters, donors and partners \ud83d\ude42\u00a0 <\/p>\t\t\t\t\t\t\t\t<\/div>\n\t\t\t\t<\/div>\n\t\t\t\t<div class=\"elementor-element elementor-element-5b234ad elementor-widget elementor-widget-image\" data-id=\"5b234ad\" data-element_type=\"widget\" data-e-type=\"widget\" data-widget_type=\"image.default\">\n\t\t\t\t<div class=\"elementor-widget-container\">\n\t\t\t\t\t\t\t\t\t\t\t\t\t\t\t<img decoding=\"async\" width=\"768\" height=\"576\" src=\"https:\/\/www.adra.sk\/wp-content\/uploads\/2025\/05\/Kotly-Pecenady-768x576.jpg\" class=\"attachment-medium_large size-medium_large wp-image-33902\" alt=\"\" srcset=\"https:\/\/www.adra.sk\/wp-content\/uploads\/2025\/05\/Kotly-Pecenady-768x576.jpg 768w, https:\/\/www.adra.sk\/wp-content\/uploads\/2025\/05\/Kotly-Pecenady-300x225.jpg 300w, https:\/\/www.adra.sk\/wp-content\/uploads\/2025\/05\/Kotly-Pecenady-1024x768.jpg 1024w, https:\/\/www.adra.sk\/wp-content\/uploads\/2025\/05\/Kotly-Pecenady-1536x1152.jpg 1536w, https:\/\/www.adra.sk\/wp-content\/uploads\/2025\/05\/Kotly-Pecenady-16x12.jpg 16w, https:\/\/www.adra.sk\/wp-content\/uploads\/2025\/05\/Kotly-Pecenady-1000x750.jpg 1000w, https:\/\/www.adra.sk\/wp-content\/uploads\/2025\/05\/Kotly-Pecenady.jpg 1600w\" sizes=\"(max-width: 768px) 100vw, 768px\" \/>\t\t\t\t\t\t\t\t\t\t\t\t\t\t\t<\/div>\n\t\t\t\t<\/div>\n\t\t\t\t<div class=\"elementor-element elementor-element-d7d8bb1 elementor-widget elementor-widget-image\" data-id=\"d7d8bb1\" data-element_type=\"widget\" data-e-type=\"widget\" data-widget_type=\"image.default\">\n\t\t\t\t<div class=\"elementor-widget-container\">\n\t\t\t\t\t\t\t\t\t\t\t\t\t\t\t<img decoding=\"async\" width=\"768\" height=\"510\" src=\"https:\/\/www.adra.sk\/wp-content\/uploads\/2025\/05\/Voderady-deti-768x510.jpg\" class=\"attachment-medium_large size-medium_large wp-image-33905\" alt=\"\" srcset=\"https:\/\/www.adra.sk\/wp-content\/uploads\/2025\/05\/Voderady-deti-768x510.jpg 768w, https:\/\/www.adra.sk\/wp-content\/uploads\/2025\/05\/Voderady-deti-300x199.jpg 300w, https:\/\/www.adra.sk\/wp-content\/uploads\/2025\/05\/Voderady-deti-18x12.jpg 18w, https:\/\/www.adra.sk\/wp-content\/uploads\/2025\/05\/Voderady-deti.jpg 786w\" sizes=\"(max-width: 768px) 100vw, 768px\" \/>\t\t\t\t\t\t\t\t\t\t\t\t\t\t\t<\/div>\n\t\t\t\t<\/div>\n\t\t\t\t<div class=\"elementor-element elementor-element-c17d808 elementor-widget elementor-widget-image\" data-id=\"c17d808\" data-element_type=\"widget\" data-e-type=\"widget\" data-widget_type=\"image.default\">\n\t\t\t\t<div class=\"elementor-widget-container\">\n\t\t\t\t\t\t\t\t\t\t\t\t\t\t\t<img loading=\"lazy\" decoding=\"async\" width=\"800\" height=\"124\" src=\"https:\/\/www.adra.sk\/wp-content\/uploads\/2025\/05\/headerddd2.png\" class=\"attachment-large size-large wp-image-33796\" alt=\"\" srcset=\"https:\/\/www.adra.sk\/wp-content\/uploads\/2025\/05\/headerddd2.png 999w, https:\/\/www.adra.sk\/wp-content\/uploads\/2025\/05\/headerddd2-300x47.png 300w, https:\/\/www.adra.sk\/wp-content\/uploads\/2025\/05\/headerddd2-768x119.png 768w, https:\/\/www.adra.sk\/wp-content\/uploads\/2025\/05\/headerddd2-18x3.png 18w\" sizes=\"(max-width: 800px) 100vw, 800px\" \/>\t\t\t\t\t\t\t\t\t\t\t\t\t\t\t<\/div>\n\t\t\t\t<\/div>\n\t\t\t\t<div class=\"elementor-element elementor-element-0f54517 elementor-widget elementor-widget-spacer\" data-id=\"0f54517\" data-element_type=\"widget\" data-e-type=\"widget\" data-widget_type=\"spacer.default\">\n\t\t\t\t<div class=\"elementor-widget-container\">\n\t\t\t\t\t\t\t<div class=\"elementor-spacer\">\n\t\t\t<div class=\"elementor-spacer-inner\"><\/div>\n\t\t<\/div>\n\t\t\t\t\t\t<\/div>\n\t\t\t\t<\/div>\n\t\t\t\t\t<\/div>\n\t\t<\/div>\n\t\t\t\t<div class=\"elementor-column elementor-col-33 elementor-top-column elementor-element elementor-element-075fc1e\" data-id=\"075fc1e\" data-element_type=\"column\" data-e-type=\"column\">\n\t\t\t<div class=\"elementor-widget-wrap\">\n\t\t\t\t\t\t\t<\/div>\n\t\t<\/div>\n\t\t\t\t\t<\/div>\n\t\t<\/section>\n\t\t\t\t<\/div>","protected":false},"excerpt":{"rendered":"<p>BENEF\u00cdCIA Sp\u00e4\u0165 na hlavn\u00fa str\u00e1nku Absolvujte spolu s nami benefi\u010dn\u00fa jazdu na podporu Detsk\u00e9ho domova Pe\u010de\u0148ady. \u010cas\u0165 registra\u010dn\u00e9ho poplatku a sponzorsk\u00e9 pr\u00edspevky bud\u00fa venovan\u00e9 na zak\u00fapenie nov\u00fdch plynov\u00fdch kotlov, aby deti mali v zime op\u00e4\u0165 teplo. V tomto roku s\u00fa preteky v novom form\u00e1te, otvoren\u00e9 okrem profesion\u00e1lov aj pre \u0161irok\u00fa verejnos\u0165, spojen\u00e9 s benef\u00edciou a [&hellip;]<\/p>\n","protected":false},"author":11,"featured_media":0,"parent":33375,"menu_order":5,"comment_status":"closed","ping_status":"closed","template":"","meta":{"_acf_changed":false,"ngg_post_thumbnail":0,"footnotes":""},"class_list":["post-33422","page","type-page","status-publish","hentry"],"acf":[],"_links":{"self":[{"href":"https:\/\/www.adra.sk\/en\/wp-json\/wp\/v2\/pages\/33422","targetHints":{"allow":["GET"]}}],"collection":[{"href":"https:\/\/www.adra.sk\/en\/wp-json\/wp\/v2\/pages"}],"about":[{"href":"https:\/\/www.adra.sk\/en\/wp-json\/wp\/v2\/types\/page"}],"author":[{"embeddable":true,"href":"https:\/\/www.adra.sk\/en\/wp-json\/wp\/v2\/users\/11"}],"replies":[{"embeddable":true,"href":"https:\/\/www.adra.sk\/en\/wp-json\/wp\/v2\/comments?post=33422"}],"version-history":[{"count":19,"href":"https:\/\/www.adra.sk\/en\/wp-json\/wp\/v2\/pages\/33422\/revisions"}],"predecessor-version":[{"id":33911,"href":"https:\/\/www.adra.sk\/en\/wp-json\/wp\/v2\/pages\/33422\/revisions\/33911"}],"up":[{"embeddable":true,"href":"https:\/\/www.adra.sk\/en\/wp-json\/wp\/v2\/pages\/33375"}],"wp:attachment":[{"href":"https:\/\/www.adra.sk\/en\/wp-json\/wp\/v2\/media?parent=33422"}],"curies":[{"name":"wp","href":"https:\/\/api.w.org\/{rel}","templated":true}]}}