{"id":22782,"date":"2022-03-29T05:21:48","date_gmt":"2022-03-29T05:21:48","guid":{"rendered":"https:\/\/www.adra.sk\/?post_type=product&#038;p=22782"},"modified":"2022-06-02T01:48:40","modified_gmt":"2022-06-02T01:48:40","slug":"balik-pomoci-pre-rodinu-na-ukrajinu","status":"publish","type":"product","link":"https:\/\/www.adra.sk\/en\/help-shop\/balik-pomoci-pre-rodinu-na-ukrajinu\/","title":{"rendered":"Aid package for a family in Ukraine"},"content":{"rendered":"<p>By donating one package you will provide food for one Ukrainian family for 2-3 weeks. ADRA will buy, pack and deliver the parcel of aid directly into the hands of people in need.<\/p>\n<p>The package contains 15 kg of non-perishable food + toiletries. More information about family packs <strong><a href=\"https:\/\/www.adra.sk\/en\/rodina-rodine\/?fbclid=IwAR0hoHd8ceP8tjaLcBhTkFWtlM1L6QjQejMJ60CJsaPlhBCd4xk27TUBsnw\">TU<\/a><\/strong><\/p>","protected":false},"excerpt":{"rendered":"<p>Darovan\u00edm jedn\u00e9ho bal\u00edka zabezpe\u010d\u00edte potraviny jednej ukrajinskej rodine na 2-3 t\u00fd\u017edne. ADRA za v\u00e1s nak\u00fapi, zabal\u00ed a doru\u010d\u00ed bal\u00edk pomoci priamo do r\u00fak \u013eud\u00ed, ktor\u00ed to potrebuj\u00fa. Bal\u00edk obsahuje 15 kg trvanliv\u00fdch potrav\u00edn + hygienick\u00e9 potreby. Viac inform\u00e1ci\u00ed o rodinn\u00fdch bal\u00edkoch TU<\/p>","protected":false},"featured_media":22784,"template":"","meta":{"_acf_changed":false,"ngg_post_thumbnail":0},"product_brand":[],"product_cat":[334],"product_tag":[336],"class_list":{"0":"post-22782","1":"product","2":"type-product","3":"status-publish","4":"has-post-thumbnail","6":"product_cat-ukrajina","7":"product_tag-ukrajina","9":"first","10":"instock","11":"virtual","12":"purchasable","13":"product-type-simple"},"acf":[],"_links":{"self":[{"href":"https:\/\/www.adra.sk\/en\/wp-json\/wp\/v2\/product\/22782","targetHints":{"allow":["GET"]}}],"collection":[{"href":"https:\/\/www.adra.sk\/en\/wp-json\/wp\/v2\/product"}],"about":[{"href":"https:\/\/www.adra.sk\/en\/wp-json\/wp\/v2\/types\/product"}],"version-history":[{"count":6,"href":"https:\/\/www.adra.sk\/en\/wp-json\/wp\/v2\/product\/22782\/revisions"}],"predecessor-version":[{"id":23167,"href":"https:\/\/www.adra.sk\/en\/wp-json\/wp\/v2\/product\/22782\/revisions\/23167"}],"wp:featuredmedia":[{"embeddable":true,"href":"https:\/\/www.adra.sk\/en\/wp-json\/wp\/v2\/media\/22784"}],"wp:attachment":[{"href":"https:\/\/www.adra.sk\/en\/wp-json\/wp\/v2\/media?parent=22782"}],"wp:term":[{"taxonomy":"product_brand","embeddable":true,"href":"https:\/\/www.adra.sk\/en\/wp-json\/wp\/v2\/product_brand?post=22782"},{"taxonomy":"product_cat","embeddable":true,"href":"https:\/\/www.adra.sk\/en\/wp-json\/wp\/v2\/product_cat?post=22782"},{"taxonomy":"product_tag","embeddable":true,"href":"https:\/\/www.adra.sk\/en\/wp-json\/wp\/v2\/product_tag?post=22782"}],"curies":[{"name":"wp","href":"https:\/\/api.w.org\/{rel}","templated":true}]}}