{"id":35173,"date":"2026-04-03T18:14:04","date_gmt":"2026-04-03T18:14:04","guid":{"rendered":"https:\/\/www.adra.sk\/?post_type=product&#038;p=35173"},"modified":"2026-04-03T18:31:57","modified_gmt":"2026-04-03T18:31:57","slug":"pridaj_tehlu","status":"publish","type":"product","link":"https:\/\/www.adra.sk\/en\/help-shop\/pridaj_tehlu\/","title":{"rendered":"Add a brick to build a home for deafblind children"},"content":{"rendered":"<p>Decide for yourself how many bricks you will add to the construction of a new pavilion in a special school for children with deaf-blindness in \u010cervenice near Pre\u0161ov. Together we will build a new pavilion = 2 classrooms, multisensory laboratory, hydrotherapy and massage room. We will connect the school with the rehabilitation gym so that children in wheelchairs are not hindered by stairs... We need 2650 bricks for the construction.&nbsp;<\/p>\n<p>More about our project HERE:<\/p>\n<p>&nbsp;<\/p>","protected":false},"excerpt":{"rendered":"<p>Sami rozhodnite ko\u013eko tehiel prid\u00e1te do stavby nov\u00e9ho pavil\u00f3na v \u0161peci\u00e1lnej \u0161kole pre deti postihnut\u00e9 hluchoslepotou v \u010cervenici pri Pre\u0161ove. Spolo\u010dne vybudujeme nov\u00fd pavil\u00f3n = 2 triedy, multisenzorick\u00e9 laborat\u00f3rium, priestor pre hydroterapiu a mas\u00e1\u017ee. Prepoj\u00edme \u0161kolu s rehabilita\u010dnou telocvi\u010d\u0148ou, aby de\u0165om na voz\u00ed\u010dku nebr\u00e1nili schody&#8230; Na stavbu potrebujeme 2650 tehiel.&nbsp; Viac o na\u0161om projekte TU: [&hellip;]<\/p>\n","protected":false},"featured_media":35174,"template":"","meta":{"_acf_changed":false,"ngg_post_thumbnail":0},"product_brand":[],"product_cat":[300],"product_tag":[336],"class_list":{"0":"post-35173","1":"product","2":"type-product","3":"status-publish","4":"has-post-thumbnail","6":"product_cat-slovensko","7":"product_tag-ukrajina","9":"first","10":"instock","11":"virtual","12":"purchasable","13":"product-type-simple"},"acf":[],"_links":{"self":[{"href":"https:\/\/www.adra.sk\/en\/wp-json\/wp\/v2\/product\/35173","targetHints":{"allow":["GET"]}}],"collection":[{"href":"https:\/\/www.adra.sk\/en\/wp-json\/wp\/v2\/product"}],"about":[{"href":"https:\/\/www.adra.sk\/en\/wp-json\/wp\/v2\/types\/product"}],"version-history":[{"count":1,"href":"https:\/\/www.adra.sk\/en\/wp-json\/wp\/v2\/product\/35173\/revisions"}],"predecessor-version":[{"id":35175,"href":"https:\/\/www.adra.sk\/en\/wp-json\/wp\/v2\/product\/35173\/revisions\/35175"}],"wp:featuredmedia":[{"embeddable":true,"href":"https:\/\/www.adra.sk\/en\/wp-json\/wp\/v2\/media\/35174"}],"wp:attachment":[{"href":"https:\/\/www.adra.sk\/en\/wp-json\/wp\/v2\/media?parent=35173"}],"wp:term":[{"taxonomy":"product_brand","embeddable":true,"href":"https:\/\/www.adra.sk\/en\/wp-json\/wp\/v2\/product_brand?post=35173"},{"taxonomy":"product_cat","embeddable":true,"href":"https:\/\/www.adra.sk\/en\/wp-json\/wp\/v2\/product_cat?post=35173"},{"taxonomy":"product_tag","embeddable":true,"href":"https:\/\/www.adra.sk\/en\/wp-json\/wp\/v2\/product_tag?post=35173"}],"curies":[{"name":"wp","href":"https:\/\/api.w.org\/{rel}","templated":true}]}}